{"id":1358,"date":"2017-03-14T02:49:48","date_gmt":"2017-03-14T02:49:48","guid":{"rendered":"http:\/\/asildemircelik.com\/index.php\/about-me-2\/"},"modified":"2022-01-07T23:50:54","modified_gmt":"2022-01-07T20:50:54","slug":"referanslar","status":"publish","type":"page","link":"http:\/\/izdemcelik.com\/?page_id=1358","title":{"rendered":"Referanslar"},"content":{"rendered":"<p>[vc_row full_width=&#8221;stretch_row&#8221; overlay_background=&#8221;primary&#8221; overlay_opacity=&#8221;75&#8243; background_image=&#8221;4447&#8243; lg_spacing=&#8221;padding_top:300&#8243; xs_spacing=&#8221;padding_top:120&#8243; sm_spacing=&#8221;padding_top:150&#8243;][vc_column][tm_heading custom_google_font=&#8221;&#8221; google_fonts=&#8221;font_family:Poppins%3A300%2Cregular%2C500%2C600%2C700|font_style:300%20light%20regular%3A300%3Anormal&#8221; font_weight=&#8221;700&#8243; align=&#8221;center&#8221; text_color=&#8221;secondary_color&#8221; text=&#8221;REFERANSLAR&#8221; font_size=&#8221;lg:16&#8243; letter_spacing=&#8221;2px&#8221; typed_list=&#8221;%5B%7B%7D%5D&#8221;][vc_empty_space height=&#8221;20&#8243;][tm_heading custom_google_font=&#8221;&#8221; google_fonts=&#8221;font_family:Poppins%3A300%2Cregular%2C500%2C600%2C700|font_style:300%20light%20regular%3A300%3Anormal&#8221; font_weight=&#8221;700&#8243; align=&#8221;center&#8221; text_color=&#8221;custom_color&#8221; custom_text_color=&#8221;#ffffff&#8221; text=&#8221;Referanslar\u0131m\u0131zla ilgili bilgi almak i\u00e7in l\u00fctfen bizi aray\u0131n\u0131z.&#8221; font_size=&#8221;xs:15;sm:25;md:30;lg:40&#8243; line_height=&#8221;1&#8243; typed_list=&#8221;%5B%7B%7D%5D&#8221;][vc_empty_space height=&#8221;10&#8243;][vc_empty_space height=&#8221;500&#8243;][\/vc_column][\/vc_row]<\/p>\n","protected":false},"excerpt":{"rendered":"[vc_row full_width=&#8221;stretch_row&#8221; overlay_background=&#8221;primary&#8221; overlay_opacity=&#8221;75&#8243; background_image=&#8221;4447&#8243; lg_spacing=&#8221;padding_top:300&#8243; xs_spacing=&#8221;padding_top:120&#8243; sm_spacing=&#8221;padding_top:150&#8243;][vc_column][tm_heading custom_google_font=&#8221;&#8221; google_fonts=&#8221;font_family:Poppins%3A300%2Cregular%2C500%2C600%2C700|font_style:300%20light%20regular%3A300%3Anormal&#8221; font_weight=&#8221;700&#8243; align=&#8221;center&#8221; text_color=&#8221;secondary_color&#8221; text=&#8221;REFERANSLAR&#8221; font_size=&#8221;lg:16&#8243; letter_spacing=&#8221;2px&#8221; typed_list=&#8221;%5B%7B%7D%5D&#8221;][vc_empty_space height=&#8221;20&#8243;][tm_heading custom_google_font=&#8221;&#8221; google_fonts=&#8221;font_family:Poppins%3A300%2Cregular%2C500%2C600%2C700|font_style:300%20light%20regular%3A300%3Anormal&#8221; font_weight=&#8221;700&#8243; align=&#8221;center&#8221; text_color=&#8221;custom_color&#8221; custom_text_color=&#8221;#ffffff&#8221; text=&#8221;Referanslar\u0131m\u0131zla ilgili bilgi almak i\u00e7in l\u00fctfen bizi aray\u0131n\u0131z.&#8221; font_size=&#8221;xs:15;sm:25;md:30;lg:40&#8243; line_height=&#8221;1&#8243; typed_list=&#8221;%5B%7B%7D%5D&#8221;][vc_empty_space height=&#8221;10&#8243;][vc_empty_space height=&#8221;500&#8243;][\/vc_column][\/vc_row]","protected":false},"author":2,"featured_media":0,"parent":0,"menu_order":0,"comment_status":"closed","ping_status":"closed","template":"","meta":[],"_links":{"self":[{"href":"http:\/\/izdemcelik.com\/index.php?rest_route=\/wp\/v2\/pages\/1358"}],"collection":[{"href":"http:\/\/izdemcelik.com\/index.php?rest_route=\/wp\/v2\/pages"}],"about":[{"href":"http:\/\/izdemcelik.com\/index.php?rest_route=\/wp\/v2\/types\/page"}],"author":[{"embeddable":true,"href":"http:\/\/izdemcelik.com\/index.php?rest_route=\/wp\/v2\/users\/2"}],"replies":[{"embeddable":true,"href":"http:\/\/izdemcelik.com\/index.php?rest_route=%2Fwp%2Fv2%2Fcomments&post=1358"}],"version-history":[{"count":2,"href":"http:\/\/izdemcelik.com\/index.php?rest_route=\/wp\/v2\/pages\/1358\/revisions"}],"predecessor-version":[{"id":4449,"href":"http:\/\/izdemcelik.com\/index.php?rest_route=\/wp\/v2\/pages\/1358\/revisions\/4449"}],"wp:attachment":[{"href":"http:\/\/izdemcelik.com\/index.php?rest_route=%2Fwp%2Fv2%2Fmedia&parent=1358"}],"curies":[{"name":"wp","href":"https:\/\/api.w.org\/{rel}","templated":true}]}}