{"id":1341,"date":"2017-03-13T08:21:06","date_gmt":"2017-03-13T08:21:06","guid":{"rendered":"http:\/\/asildemircelik.com\/index.php\/contact-2\/"},"modified":"2022-01-10T15:50:44","modified_gmt":"2022-01-10T12:50:44","slug":"iletisim","status":"publish","type":"page","link":"http:\/\/izdemcelik.com\/?page_id=1341","title":{"rendered":"\u0130leti\u015fim"},"content":{"rendered":"<p>[vc_row full_width=&#8221;stretch_row&#8221; content_placement=&#8221;middle&#8221; background_color=&#8221;custom_color&#8221; overlay_background=&#8221;overlay_custom_background&#8221; overlay_opacity=&#8221;90&#8243; onepage_pagination_skin=&#8221;light&#8221; onepage_title=&#8221;Contact&#8221; custom_background_color=&#8221;#000000&#8243; background_image=&#8221;3680&#8243; lg_spacing=&#8221;padding_top:334;padding_bottom:230&#8243; xs_spacing=&#8221;padding_top:200&#8243;][vc_column][vc_row_inner lg_spacing=&#8221;margin_bottom:50&#8243;][vc_column_inner width=&#8221;1\/2&#8243; sm_spacing=&#8221;margin_bottom:50&#8243;][tm_heading custom_google_font=&#8221;&#8221; google_fonts=&#8221;font_family:Poppins%3A300%2Cregular%2C500%2C600%2C700|font_style:300%20light%20regular%3A300%3Anormal&#8221; font_weight=&#8221;700&#8243; text_color=&#8221;secondary_color&#8221; text=&#8221;OF\u0130S ADRES\u0130&#8221; font_size=&#8221;lg:16&#8243; letter_spacing=&#8221;2px&#8221; css=&#8221;.vc_custom_1640599725922{margin-bottom: 15px !important;}&#8221; typed_list=&#8221;%5B%7B%7D%5D&#8221;][tm_heading custom_google_font=&#8221;&#8221; google_fonts=&#8221;font_family:Poppins%3A300%2Cregular%2C500%2C600%2C700|font_style:300%20light%20regular%3A300%3Anormal&#8221; text_color=&#8221;custom_color&#8221; custom_text_color=&#8221;#ffffff&#8221; text=&#8221;Ata\u015fehir Mah. 8001\/3 SK. NO:51 K:1 D:1<br \/>\n\u00c7i\u011fli &#8211; \u0130zmir&#8221; font_size=&#8221;lg:30&#8243; letter_spacing=&#8221;2px&#8221; line_height=&#8221;1.5&#8243; max_width=&#8221;430px&#8221; typed_list=&#8221;%5B%7B%7D%5D&#8221;][\/vc_column_inner][vc_column_inner width=&#8221;1\/2&#8243;][tm_heading custom_google_font=&#8221;&#8221; google_fonts=&#8221;font_family:Poppins%3A300%2Cregular%2C500%2C600%2C700|font_style:300%20light%20regular%3A300%3Anormal&#8221; font_weight=&#8221;700&#8243; text_color=&#8221;secondary_color&#8221; text=&#8221;B\u0130ZE YAZIN&#8221; font_size=&#8221;lg:16&#8243; letter_spacing=&#8221;2px&#8221; css=&#8221;.vc_custom_1640599798024{margin-bottom: 15px !important;}&#8221; typed_list=&#8221;%5B%7B%7D%5D&#8221;][tm_heading custom_google_font=&#8221;&#8221; google_fonts=&#8221;font_family:Poppins%3A300%2Cregular%2C500%2C600%2C700|font_style:300%20light%20regular%3A300%3Anormal&#8221; text_color=&#8221;custom_color&#8221; custom_text_color=&#8221;#ffffff&#8221; text=&#8221;info@izdemcelik.com<br \/>\n(+90) 232 374 13 00&#8243; font_size=&#8221;lg:30&#8243; letter_spacing=&#8221;2px&#8221; line_height=&#8221;1.5&#8243; max_width=&#8221;430px&#8221; typed_list=&#8221;%5B%7B%7D%5D&#8221;][\/vc_column_inner][\/vc_row_inner][vc_row_inner][vc_column_inner][tm_contact_form_7 id=&#8221;464&#8243; skin=&#8221;secondary&#8221;][\/vc_column_inner][\/vc_row_inner][\/vc_column][\/vc_row]<\/p>\n","protected":false},"excerpt":{"rendered":"[vc_row full_width=&#8221;stretch_row&#8221; content_placement=&#8221;middle&#8221; background_color=&#8221;custom_color&#8221; overlay_background=&#8221;overlay_custom_background&#8221; overlay_opacity=&#8221;90&#8243; onepage_pagination_skin=&#8221;light&#8221; onepage_title=&#8221;Contact&#8221; custom_background_color=&#8221;#000000&#8243; background_image=&#8221;3680&#8243; lg_spacing=&#8221;padding_top:334;padding_bottom:230&#8243; xs_spacing=&#8221;padding_top:200&#8243;][vc_column][vc_row_inner lg_spacing=&#8221;margin_bottom:50&#8243;][vc_column_inner width=&#8221;1\/2&#8243; sm_spacing=&#8221;margin_bottom:50&#8243;][tm_heading custom_google_font=&#8221;&#8221; google_fonts=&#8221;font_family:Poppins%3A300%2Cregular%2C500%2C600%2C700|font_style:300%20light%20regular%3A300%3Anormal&#8221; font_weight=&#8221;700&#8243; text_color=&#8221;secondary_color&#8221; text=&#8221;OF\u0130S ADRES\u0130&#8221; font_size=&#8221;lg:16&#8243; letter_spacing=&#8221;2px&#8221; css=&#8221;.vc_custom_1640599725922{margin-bottom: 15px !important;}&#8221; typed_list=&#8221;%5B%7B%7D%5D&#8221;][tm_heading custom_google_font=&#8221;&#8221; google_fonts=&#8221;font_family:Poppins%3A300%2Cregular%2C500%2C600%2C700|font_style:300%20light%20regular%3A300%3Anormal&#8221; text_color=&#8221;custom_color&#8221; custom_text_color=&#8221;#ffffff&#8221; text=&#8221;Ata\u015fehir Mah. 8001\/3 SK. NO:51 K:1 D:1 \u00c7i\u011fli &#8211; \u0130zmir&#8221; font_size=&#8221;lg:30&#8243; letter_spacing=&#8221;2px&#8221; line_height=&#8221;1.5&#8243; max_width=&#8221;430px&#8221; typed_list=&#8221;%5B%7B%7D%5D&#8221;][\/vc_column_inner][vc_column_inner width=&#8221;1\/2&#8243;][tm_heading custom_google_font=&#8221;&#8221; google_fonts=&#8221;font_family:Poppins%3A300%2Cregular%2C500%2C600%2C700|font_style:300%20light%20regular%3A300%3Anormal&#8221; font_weight=&#8221;700&#8243; text_color=&#8221;secondary_color&#8221; text=&#8221;B\u0130ZE YAZIN&#8221; font_size=&#8221;lg:16&#8243; letter_spacing=&#8221;2px&#8221; css=&#8221;.vc_custom_1640599798024{margin-bottom: 15px !important;}&#8221; typed_list=&#8221;%5B%7B%7D%5D&#8221;][tm_heading custom_google_font=&#8221;&#8221; google_fonts=&#8221;font_family:Poppins%3A300%2Cregular%2C500%2C600%2C700|font_style:300%20light%20regular%3A300%3Anormal&#8221; text_color=&#8221;custom_color&#8221; custom_text_color=&#8221;#ffffff&#8221; text=&#8221;info@izdemcelik.com (+90) 232 374 13 00&#8243; font_size=&#8221;lg:30&#8243; letter_spacing=&#8221;2px&#8221; line_height=&#8221;1.5&#8243; max_width=&#8221;430px&#8221; typed_list=&#8221;%5B%7B%7D%5D&#8221;][\/vc_column_inner][\/vc_row_inner][vc_row_inner][vc_column_inner][tm_contact_form_7 id=&#8221;464&#8243; skin=&#8221;secondary&#8221;][\/vc_column_inner][\/vc_row_inner][\/vc_column][\/vc_row]","protected":false},"author":2,"featured_media":0,"parent":0,"menu_order":0,"comment_status":"closed","ping_status":"closed","template":"","meta":[],"_links":{"self":[{"href":"http:\/\/izdemcelik.com\/index.php?rest_route=\/wp\/v2\/pages\/1341"}],"collection":[{"href":"http:\/\/izdemcelik.com\/index.php?rest_route=\/wp\/v2\/pages"}],"about":[{"href":"http:\/\/izdemcelik.com\/index.php?rest_route=\/wp\/v2\/types\/page"}],"author":[{"embeddable":true,"href":"http:\/\/izdemcelik.com\/index.php?rest_route=\/wp\/v2\/users\/2"}],"replies":[{"embeddable":true,"href":"http:\/\/izdemcelik.com\/index.php?rest_route=%2Fwp%2Fv2%2Fcomments&post=1341"}],"version-history":[{"count":3,"href":"http:\/\/izdemcelik.com\/index.php?rest_route=\/wp\/v2\/pages\/1341\/revisions"}],"predecessor-version":[{"id":4538,"href":"http:\/\/izdemcelik.com\/index.php?rest_route=\/wp\/v2\/pages\/1341\/revisions\/4538"}],"wp:attachment":[{"href":"http:\/\/izdemcelik.com\/index.php?rest_route=%2Fwp%2Fv2%2Fmedia&parent=1341"}],"curies":[{"name":"wp","href":"https:\/\/api.w.org\/{rel}","templated":true}]}}